{"id":6,"date":"2026-05-14T00:24:01","date_gmt":"2026-05-14T00:24:01","guid":{"rendered":"https:\/\/cinematicreelstudio.com\/?page_id=6"},"modified":"2026-05-14T02:15:51","modified_gmt":"2026-05-14T02:15:51","slug":"home","status":"publish","type":"page","link":"https:\/\/cinematicreelstudio.com\/","title":{"rendered":"Home"},"content":{"rendered":"\n<p><\/p>\n\n\n\n<h2 class=\"wp-block-heading\">Reels cinematogr\u00e1ficos de 10 a 30 segundos para TikTok, Instagram y YouTube Shorts.<\/h2>\n\n\n\n<p>Creamos reels cortos, modernos y visualmente impactantes utilizando edici\u00f3n profesional, storytelling visual e Inteligencia Artificial. Contenido dise\u00f1ado para captar atenci\u00f3n en segundos y destacar en redes sociales.<\/p>\n\n\n\n<div class=\"wp-block-columns is-layout-flex wp-container-core-columns-is-layout-28f84493 wp-block-columns-is-layout-flex\">\n<div class=\"wp-block-column is-layout-flow wp-block-column-is-layout-flow\" style=\"flex-basis:66.66%\">\n<h2 class=\"wp-block-heading\">Plan Silver Reels.<\/h2>\n\n\n\n<p>El \u00abPlan Silver Reels\u00bb cuenta con 10 videos de 720p de 10 segundos cada uno, aleatorios (diferentes modelos), se puede agregar frases cortas con sincronizaci\u00f3n de labios, voz en off o solo sonido ambiental env\u00edas la idea y nosotros la generamos para ti, ideal para shorts y reels.<\/p>\n\n\n\n<p><strong>Costo: 1,500.00 MX<\/strong><\/p>\n<\/div>\n\n\n\n<div class=\"wp-block-column is-layout-flow wp-block-column-is-layout-flow\" style=\"flex-basis:33.33%\">\n<figure class=\"wp-block-video\"><video height=\"1168\" style=\"aspect-ratio: 784 \/ 1168;\" width=\"784\" autoplay loop muted src=\"https:\/\/cinematicreelstudio.com\/wp-content\/uploads\/2026\/05\/PlanSilver.mp4\" playsinline><\/video><\/figure>\n<\/div>\n<\/div>\n\n\n\n<h2 class=\"wp-block-heading\">Plan Gold Reels.<\/h2>\n\n\n\n<div class=\"wp-block-columns is-layout-flex wp-container-core-columns-is-layout-28f84493 wp-block-columns-is-layout-flex\">\n<div class=\"wp-block-column is-layout-flow wp-block-column-is-layout-flow\" style=\"flex-basis:66.66%\">\n<p>El \u00abPlan Gold Reels\u00bb cuenta con 10 videos de 720p de 10 segundos cada uno, aleatorios (diferentes modelos), se pueden mostrar senos o lencer\u00eda (<strong>No genitales<\/strong>),se puede agregar frases cortas con sincronizaci\u00f3n de labios, voz en off o solo sonido ambiental env\u00edas la idea y nosotros la generamos para ti, ideal para shorts y reels.<\/p>\n\n\n\n<p><strong>Costo: 2,000.00 MX<\/strong><\/p>\n<\/div>\n\n\n\n<div class=\"wp-block-column is-layout-flow wp-block-column-is-layout-flow\" style=\"flex-basis:33.33%\">\n<figure class=\"wp-block-video\"><video height=\"1168\" style=\"aspect-ratio: 784 \/ 1168;\" width=\"784\" autoplay loop muted src=\"https:\/\/cinematicreelstudio.com\/wp-content\/uploads\/2026\/05\/PlanGold.mp4\" playsinline><\/video><\/figure>\n<\/div>\n<\/div>\n\n\n\n<div class=\"wp-block-columns is-layout-flex wp-container-core-columns-is-layout-28f84493 wp-block-columns-is-layout-flex\">\n<div class=\"wp-block-column is-layout-flow wp-block-column-is-layout-flow\" style=\"flex-basis:66.66%\"><\/div>\n\n\n\n<div class=\"wp-block-column is-layout-flow wp-block-column-is-layout-flow\" style=\"flex-basis:33.33%\"><\/div>\n<\/div>\n\n\n\n<div class=\"wp-block-columns is-layout-flex wp-container-core-columns-is-layout-28f84493 wp-block-columns-is-layout-flex\">\n<div class=\"wp-block-column is-layout-flow wp-block-column-is-layout-flow\" style=\"flex-basis:66.66%\">\n<h2 class=\"wp-block-heading\">Plan Platinum Reels.<\/h2>\n\n\n\n<p>El \u00abPlan Platinum Reels\u00bb cuenta con 5 videos de 720p de 10 segundos cada uno, modelo consistente (misma modelos), <strong>No se pueden mostrar senos o lencer\u00eda no genitales<\/strong>, se puede agregar frases cortas con sincronizaci\u00f3n de labios, voz en off o solo sonido ambiental env\u00edas la idea y nosotros la generamos para ti, ideal para shorts y reels.<\/p>\n\n\n\n<p><strong>Costo: 2,500.00 MX<\/strong><\/p>\n<\/div>\n\n\n\n<div class=\"wp-block-column is-layout-flow wp-block-column-is-layout-flow\" style=\"flex-basis:33.33%\">\n<figure class=\"wp-block-video\"><video height=\"1168\" style=\"aspect-ratio: 784 \/ 1168;\" width=\"784\" autoplay loop muted src=\"https:\/\/cinematicreelstudio.com\/wp-content\/uploads\/2026\/05\/PlanPlatinum.mp4\" playsinline><\/video><\/figure>\n<\/div>\n<\/div>\n","protected":false},"excerpt":{"rendered":"<p>Reels cinematogr\u00e1ficos de 10 a 30 segundos para TikTok, Instagram y YouTube Shorts. Creamos reels cortos, modernos y visualmente impactantes utilizando edici\u00f3n profesional, storytelling visual e Inteligencia Artificial. Contenido dise\u00f1ado para captar atenci\u00f3n en segundos y destacar en redes sociales. Plan Silver Reels. El \u00abPlan Silver Reels\u00bb cuenta con 10 videos de 720p de 10 [&hellip;]<\/p>\n","protected":false},"author":1,"featured_media":0,"parent":0,"menu_order":0,"comment_status":"closed","ping_status":"closed","template":"","meta":{"footnotes":""},"class_list":["post-6","page","type-page","status-publish","hentry"],"_links":{"self":[{"href":"https:\/\/cinematicreelstudio.com\/index.php?rest_route=\/wp\/v2\/pages\/6","targetHints":{"allow":["GET"]}}],"collection":[{"href":"https:\/\/cinematicreelstudio.com\/index.php?rest_route=\/wp\/v2\/pages"}],"about":[{"href":"https:\/\/cinematicreelstudio.com\/index.php?rest_route=\/wp\/v2\/types\/page"}],"author":[{"embeddable":true,"href":"https:\/\/cinematicreelstudio.com\/index.php?rest_route=\/wp\/v2\/users\/1"}],"replies":[{"embeddable":true,"href":"https:\/\/cinematicreelstudio.com\/index.php?rest_route=%2Fwp%2Fv2%2Fcomments&post=6"}],"version-history":[{"count":29,"href":"https:\/\/cinematicreelstudio.com\/index.php?rest_route=\/wp\/v2\/pages\/6\/revisions"}],"predecessor-version":[{"id":73,"href":"https:\/\/cinematicreelstudio.com\/index.php?rest_route=\/wp\/v2\/pages\/6\/revisions\/73"}],"wp:attachment":[{"href":"https:\/\/cinematicreelstudio.com\/index.php?rest_route=%2Fwp%2Fv2%2Fmedia&parent=6"}],"curies":[{"name":"wp","href":"https:\/\/api.w.org\/{rel}","templated":true}]}}